{"id":666,"date":"2020-11-12T12:14:28","date_gmt":"2020-11-12T11:14:28","guid":{"rendered":"http:\/\/www.isidata.de\/?page_id=666"},"modified":"2021-09-23T08:29:22","modified_gmt":"2021-09-23T06:29:22","slug":"epon","status":"publish","type":"page","link":"https:\/\/www.isidata.de\/?page_id=666","title":{"rendered":"<b><i>epon<\/i><\/b> &#8211; Einsatzplanungssystem f\u00fcr den \u00f6ffentlichen Personennahverkehr"},"content":{"rendered":"\t\t<div data-elementor-type=\"wp-page\" data-elementor-id=\"666\" class=\"elementor elementor-666\">\n\t\t\t\t\t\t<section class=\"elementor-section elementor-top-section elementor-element elementor-element-e6b8a78 elementor-section-boxed elementor-section-height-default elementor-section-height-default\" data-id=\"e6b8a78\" data-element_type=\"section\" data-e-type=\"section\">\n\t\t\t\t\t\t<div class=\"elementor-container elementor-column-gap-default\">\n\t\t\t\t\t<div class=\"elementor-column elementor-col-100 elementor-top-column elementor-element elementor-element-31569cf\" data-id=\"31569cf\" data-element_type=\"column\" data-e-type=\"column\">\n\t\t\t<div class=\"elementor-widget-wrap elementor-element-populated\">\n\t\t\t\t\t\t<div class=\"elementor-element elementor-element-24b5baa elementor-widget elementor-widget-text-editor\" data-id=\"24b5baa\" data-element_type=\"widget\" data-e-type=\"widget\" data-widget_type=\"text-editor.default\">\n\t\t\t\t<div class=\"elementor-widget-container\">\n\t\t\t\t\t\t\t\t\t<p>Mit <em><strong>epon<\/strong><\/em> k\u00f6nnen alle erforderlichen Planungsschritte f\u00fcr die Fahr-, Umlauf- und Dienstplanung im \u00f6ffentlichen Personenverkehr effizient gestaltet werden. <b><i>epon<\/i><\/b> ist modular in Programmbausteinen aufgebaut. F\u00fcr die unterschiedlichen Bearbeitungsschritte gibt es verschiedene Programmbausteine:<\/p>\n<ul>\n \t<li>Grunddatenverwaltung<\/li>\n \t<li>Fahrt- und Umlaufplanung<\/li>\n \t<li>Dienstbildung<\/li>\n \t<li>Dienstreihenfolge<\/li>\n \t<li>Statistik<\/li>\n \t<li>Karte (GIS)<\/li>\n \t<li>Aushangfahrpl\u00e4ne und Linienpl\u00e4ne<\/li>\n \t<li>Ausgaben f\u00fcr Fahrer (Kursausgaben, Dienstausgaben)<\/li>\n \t<li>Dienstoptimierung<\/li>\n \t<li>Umlaufoptimierung<\/li>\n \t<li>E-Bus-Planung<\/li>\n<\/ul>\n<p>Verschiedene Weiterentwicklungen wie automatisierte Internetanbindungen, Leistungsdatenbanken, Unternehmerabrechnungen, Vitrinenplaner, Dienst- und Umlaufoptmierungen und E-Bus-Planung werden an die wechselnden Planungsbedingungen st\u00e4ndig angepasst.\nAlle Benutzereingaben werden auf Zuverl\u00e4ssigkeit und Plausibilit\u00e4t gepr\u00fcft. Es wird automatisch sichergestellt, dass nur konsistente Daten an die jeweils n\u00e4chste Bearbeitungsstufe weitergegeben werden k\u00f6nnen.\n\u00dcber verschiedene Schnittstellen werden die Daten zu Folgesystemen exportiert. Dabei werden Schnittstellen an aktuelle Anforderungen in Abstimmung mit Schnittstellenpartnern angepasst und weiterentwickelt.<\/p>\t\t\t\t\t\t\t\t<\/div>\n\t\t\t\t<\/div>\n\t\t\t\t\t<\/div>\n\t\t<\/div>\n\t\t\t\t\t<\/div>\n\t\t<\/section>\n\t\t\t\t<section class=\"elementor-section elementor-top-section elementor-element elementor-element-6f63c5f elementor-section-boxed elementor-section-height-default elementor-section-height-default\" data-id=\"6f63c5f\" data-element_type=\"section\" data-e-type=\"section\">\n\t\t\t\t\t\t<div class=\"elementor-container elementor-column-gap-default\">\n\t\t\t\t\t<div class=\"elementor-column elementor-col-100 elementor-top-column elementor-element elementor-element-483193c\" data-id=\"483193c\" data-element_type=\"column\" data-e-type=\"column\">\n\t\t\t<div class=\"elementor-widget-wrap elementor-element-populated\">\n\t\t\t\t\t\t<div class=\"elementor-element elementor-element-d89df76 elementor-widget elementor-widget-text-editor\" data-id=\"d89df76\" data-element_type=\"widget\" data-e-type=\"widget\" data-widget_type=\"text-editor.default\">\n\t\t\t\t<div class=\"elementor-widget-container\">\n\t\t\t\t\t\t\t\t\t<p>F\u00fcr weitere Informationen: <a href=\"\/?download=1022\"> <i><b>epon<\/b><\/i>-Brosch\u00fcre hier downloaden&#8230;<\/a><\/p>\t\t\t\t\t\t\t\t<\/div>\n\t\t\t\t<\/div>\n\t\t\t\t\t<\/div>\n\t\t<\/div>\n\t\t\t\t\t<\/div>\n\t\t<\/section>\n\t\t\t\t<\/div>\n\t\t","protected":false},"excerpt":{"rendered":"<p>Mit epon k\u00f6nnen alle erforderlichen Planungsschritte f\u00fcr die Fahr-, Umlauf- und Dienstplanung im \u00f6ffentlichen Personenverkehr effizient gestaltet werden. epon ist modular in Programmbausteinen aufgebaut. F\u00fcr die unterschiedlichen Bearbeitungsschritte gibt es verschiedene Programmbausteine: Grunddatenverwaltung Fahrt- und Umlaufplanung Dienstbildung Dienstreihenfolge Statistik Karte (GIS) Aushangfahrpl\u00e4ne und Linienpl\u00e4ne Ausgaben f\u00fcr Fahrer (Kursausgaben, Dienstausgaben) Dienstoptimierung Umlaufoptimierung E-Bus-Planung Verschiedene Weiterentwicklungen wie [&hellip;]<\/p>\n","protected":false},"author":4,"featured_media":0,"parent":0,"menu_order":0,"comment_status":"closed","ping_status":"closed","template":"","meta":{"ocean_post_layout":"","ocean_both_sidebars_style":"","ocean_both_sidebars_content_width":0,"ocean_both_sidebars_sidebars_width":0,"ocean_sidebar":"0","ocean_second_sidebar":"0","ocean_disable_margins":"enable","ocean_add_body_class":"","ocean_shortcode_before_top_bar":"","ocean_shortcode_after_top_bar":"","ocean_shortcode_before_header":"","ocean_shortcode_after_header":"","ocean_has_shortcode":"","ocean_shortcode_after_title":"","ocean_shortcode_before_footer_widgets":"","ocean_shortcode_after_footer_widgets":"","ocean_shortcode_before_footer_bottom":"","ocean_shortcode_after_footer_bottom":"","ocean_display_top_bar":"default","ocean_display_header":"default","ocean_header_style":"","ocean_center_header_left_menu":"0","ocean_custom_header_template":"0","ocean_custom_logo":0,"ocean_custom_retina_logo":0,"ocean_custom_logo_max_width":0,"ocean_custom_logo_tablet_max_width":0,"ocean_custom_logo_mobile_max_width":0,"ocean_custom_logo_max_height":0,"ocean_custom_logo_tablet_max_height":0,"ocean_custom_logo_mobile_max_height":0,"ocean_header_custom_menu":"0","ocean_menu_typo_font_family":"0","ocean_menu_typo_font_subset":"","ocean_menu_typo_font_size":0,"ocean_menu_typo_font_size_tablet":0,"ocean_menu_typo_font_size_mobile":0,"ocean_menu_typo_font_size_unit":"px","ocean_menu_typo_font_weight":"","ocean_menu_typo_font_weight_tablet":"","ocean_menu_typo_font_weight_mobile":"","ocean_menu_typo_transform":"","ocean_menu_typo_transform_tablet":"","ocean_menu_typo_transform_mobile":"","ocean_menu_typo_line_height":0,"ocean_menu_typo_line_height_tablet":0,"ocean_menu_typo_line_height_mobile":0,"ocean_menu_typo_line_height_unit":"","ocean_menu_typo_spacing":0,"ocean_menu_typo_spacing_tablet":0,"ocean_menu_typo_spacing_mobile":0,"ocean_menu_typo_spacing_unit":"","ocean_menu_link_color":"","ocean_menu_link_color_hover":"","ocean_menu_link_color_active":"","ocean_menu_link_background":"","ocean_menu_link_hover_background":"","ocean_menu_link_active_background":"","ocean_menu_social_links_bg":"","ocean_menu_social_hover_links_bg":"","ocean_menu_social_links_color":"","ocean_menu_social_hover_links_color":"","ocean_disable_title":"default","ocean_disable_heading":"default","ocean_post_title":"","ocean_post_subheading":"","ocean_post_title_style":"","ocean_post_title_background_color":"","ocean_post_title_background":0,"ocean_post_title_bg_image_position":"","ocean_post_title_bg_image_attachment":"","ocean_post_title_bg_image_repeat":"","ocean_post_title_bg_image_size":"","ocean_post_title_height":0,"ocean_post_title_bg_overlay":0.5,"ocean_post_title_bg_overlay_color":"","ocean_disable_breadcrumbs":"default","ocean_breadcrumbs_color":"","ocean_breadcrumbs_separator_color":"","ocean_breadcrumbs_links_color":"","ocean_breadcrumbs_links_hover_color":"","ocean_display_footer_widgets":"default","ocean_display_footer_bottom":"default","ocean_custom_footer_template":"0","footnotes":""},"class_list":["post-666","page","type-page","status-publish","hentry","entry"],"_links":{"self":[{"href":"https:\/\/www.isidata.de\/index.php?rest_route=\/wp\/v2\/pages\/666","targetHints":{"allow":["GET"]}}],"collection":[{"href":"https:\/\/www.isidata.de\/index.php?rest_route=\/wp\/v2\/pages"}],"about":[{"href":"https:\/\/www.isidata.de\/index.php?rest_route=\/wp\/v2\/types\/page"}],"author":[{"embeddable":true,"href":"https:\/\/www.isidata.de\/index.php?rest_route=\/wp\/v2\/users\/4"}],"replies":[{"embeddable":true,"href":"https:\/\/www.isidata.de\/index.php?rest_route=%2Fwp%2Fv2%2Fcomments&post=666"}],"version-history":[{"count":84,"href":"https:\/\/www.isidata.de\/index.php?rest_route=\/wp\/v2\/pages\/666\/revisions"}],"predecessor-version":[{"id":1401,"href":"https:\/\/www.isidata.de\/index.php?rest_route=\/wp\/v2\/pages\/666\/revisions\/1401"}],"wp:attachment":[{"href":"https:\/\/www.isidata.de\/index.php?rest_route=%2Fwp%2Fv2%2Fmedia&parent=666"}],"curies":[{"name":"wp","href":"https:\/\/api.w.org\/{rel}","templated":true}]}}