{"id":477,"date":"2020-11-05T15:29:35","date_gmt":"2020-11-05T14:29:35","guid":{"rendered":"http:\/\/www.isidata.de\/?page_id=477"},"modified":"2021-09-09T13:08:04","modified_gmt":"2021-09-09T11:08:04","slug":"auswertungen","status":"publish","type":"page","link":"https:\/\/www.isidata.de\/?page_id=477","title":{"rendered":"Auswertungen"},"content":{"rendered":"\t\t<div data-elementor-type=\"wp-page\" data-elementor-id=\"477\" class=\"elementor elementor-477\">\n\t\t\t\t\t\t<section class=\"elementor-section elementor-top-section elementor-element elementor-element-d45eb1c elementor-section-boxed elementor-section-height-default elementor-section-height-default\" data-id=\"d45eb1c\" data-element_type=\"section\" data-e-type=\"section\">\n\t\t\t\t\t\t<div class=\"elementor-container elementor-column-gap-default\">\n\t\t\t\t\t<div class=\"elementor-column elementor-col-100 elementor-top-column elementor-element elementor-element-9f74f26\" data-id=\"9f74f26\" data-element_type=\"column\" data-e-type=\"column\">\n\t\t\t<div class=\"elementor-widget-wrap elementor-element-populated\">\n\t\t\t\t\t\t<div class=\"elementor-element elementor-element-a5c62f7 elementor-widget elementor-widget-text-editor\" data-id=\"a5c62f7\" data-element_type=\"widget\" data-e-type=\"widget\" data-widget_type=\"text-editor.default\">\n\t\t\t\t<div class=\"elementor-widget-container\">\n\t\t\t\t\t\t\t\t\t<p><em><strong>vip<\/strong><\/em> bietet ein breites Spektrum an Auswertungen f\u00fcr verschiedene Zwecke. Es reicht von einfachen Listen \u00fcber speziell formatierte Postscript- bzw. PDF-Ausgaben bis hin zu komplexen Grafiken. Der Benutzer kann unterschiedliche Datenanalysen \u00fcber verschiedene Aggregationsstufen (beispielsweise Streckenbelastung je Stunde, je Verkehrszeit, je Tag) und Datenselektionen (f\u00fcr spezielle Linienbereiche, Gemeinden, Haltepunktgruppen etc.) durchf\u00fchren. Der Aufbau und das Layout der verschiedenen Auswertungen kann \u00fcber Parameter individuell eingestellt werden.<\/p>\t\t\t\t\t\t\t\t<\/div>\n\t\t\t\t<\/div>\n\t\t\t\t\t<\/div>\n\t\t<\/div>\n\t\t\t\t\t<\/div>\n\t\t<\/section>\n\t\t\t\t<section class=\"elementor-section elementor-top-section elementor-element elementor-element-55f1872 elementor-section-boxed elementor-section-height-default elementor-section-height-default\" data-id=\"55f1872\" data-element_type=\"section\" data-e-type=\"section\">\n\t\t\t\t\t\t<div class=\"elementor-container elementor-column-gap-default\">\n\t\t\t\t\t<div class=\"elementor-column elementor-col-100 elementor-top-column elementor-element elementor-element-d32b44d\" data-id=\"d32b44d\" data-element_type=\"column\" data-e-type=\"column\">\n\t\t\t<div class=\"elementor-widget-wrap elementor-element-populated\">\n\t\t\t\t\t\t<div class=\"elementor-element elementor-element-a35c955 elementor-widget elementor-widget-text-editor\" data-id=\"a35c955\" data-element_type=\"widget\" data-e-type=\"widget\" data-widget_type=\"text-editor.default\">\n\t\t\t\t<div class=\"elementor-widget-container\">\n\t\t\t\t\t\t\t\t\t<p><strong>Fahrgastbezogene Auswertungen<\/strong><\/p>\n<p>Auf Grundlage erhobener Fahrgastdaten k\u00f6nnen zahlreiche Auswertungen durchgef\u00fchrt werden. Eine grafische Ausgabe der Ergebnisse ist ebenfalls m\u00f6glich.<\/p>\n<p>Dies sind z. B.\n<ul>\n \t<li>Haltestellenbelastungen<\/li>\n \t<li>Streckenbelastungen<\/li>\n \t<li>Kursbelastungen<\/li>\n \t<li>Linienbef\u00f6rderungsf\u00e4lle<\/li>\n \t<li>Linienerfolgsrechnungen<\/li>\n \t<li>Fahrtauslastungen<\/li>\n<\/ul><\/p>\t\t\t\t\t\t\t\t<\/div>\n\t\t\t\t<\/div>\n\t\t\t\t\t<\/div>\n\t\t<\/div>\n\t\t\t\t\t<\/div>\n\t\t<\/section>\n\t\t\t\t<section class=\"elementor-section elementor-top-section elementor-element elementor-element-351b0cf elementor-section-boxed elementor-section-height-default elementor-section-height-default\" data-id=\"351b0cf\" data-element_type=\"section\" data-e-type=\"section\">\n\t\t\t\t\t\t<div class=\"elementor-container elementor-column-gap-default\">\n\t\t\t\t\t<div class=\"elementor-column elementor-col-50 elementor-top-column elementor-element elementor-element-52e15ac\" data-id=\"52e15ac\" data-element_type=\"column\" data-e-type=\"column\">\n\t\t\t<div class=\"elementor-widget-wrap elementor-element-populated\">\n\t\t\t\t\t\t<div class=\"elementor-element elementor-element-99ab5a0 elementor-widget elementor-widget-image\" data-id=\"99ab5a0\" data-element_type=\"widget\" data-e-type=\"widget\" data-widget_type=\"image.default\">\n\t\t\t\t<div class=\"elementor-widget-container\">\n\t\t\t\t\t\t\t\t\t\t\t\t\t\t\t<img fetchpriority=\"high\" decoding=\"async\" width=\"1448\" height=\"2048\" src=\"https:\/\/www.isidata.de\/wp-content\/uploads\/2020\/11\/output-1-1448x2048.jpg\" class=\"attachment-2048x2048 size-2048x2048 wp-image-492\" alt=\"\" srcset=\"https:\/\/www.isidata.de\/wp-content\/uploads\/2020\/11\/output-1-1448x2048.jpg 1448w, https:\/\/www.isidata.de\/wp-content\/uploads\/2020\/11\/output-1-212x300.jpg 212w, https:\/\/www.isidata.de\/wp-content\/uploads\/2020\/11\/output-1-724x1024.jpg 724w, https:\/\/www.isidata.de\/wp-content\/uploads\/2020\/11\/output-1-768x1086.jpg 768w, https:\/\/www.isidata.de\/wp-content\/uploads\/2020\/11\/output-1-1086x1536.jpg 1086w, https:\/\/www.isidata.de\/wp-content\/uploads\/2020\/11\/output-1.jpg 1654w\" sizes=\"(max-width: 1448px) 100vw, 1448px\" \/>\t\t\t\t\t\t\t\t\t\t\t\t\t\t\t<\/div>\n\t\t\t\t<\/div>\n\t\t\t\t\t<\/div>\n\t\t<\/div>\n\t\t\t\t<div class=\"elementor-column elementor-col-50 elementor-top-column elementor-element elementor-element-98a7db0\" data-id=\"98a7db0\" data-element_type=\"column\" data-e-type=\"column\">\n\t\t\t<div class=\"elementor-widget-wrap elementor-element-populated\">\n\t\t\t\t\t\t<div class=\"elementor-element elementor-element-9c84bb8 elementor-widget elementor-widget-image\" data-id=\"9c84bb8\" data-element_type=\"widget\" data-e-type=\"widget\" data-widget_type=\"image.default\">\n\t\t\t\t<div class=\"elementor-widget-container\">\n\t\t\t\t\t\t\t\t\t\t\t\t\t\t\t<img decoding=\"async\" width=\"1024\" height=\"724\" src=\"https:\/\/www.isidata.de\/wp-content\/uploads\/2020\/11\/output4-1-1024x724.jpg\" class=\"attachment-large size-large wp-image-495\" alt=\"\" srcset=\"https:\/\/www.isidata.de\/wp-content\/uploads\/2020\/11\/output4-1-1024x724.jpg 1024w, https:\/\/www.isidata.de\/wp-content\/uploads\/2020\/11\/output4-1-300x212.jpg 300w, https:\/\/www.isidata.de\/wp-content\/uploads\/2020\/11\/output4-1-768x543.jpg 768w, https:\/\/www.isidata.de\/wp-content\/uploads\/2020\/11\/output4-1-1536x1086.jpg 1536w, https:\/\/www.isidata.de\/wp-content\/uploads\/2020\/11\/output4-1-2048x1448.jpg 2048w\" sizes=\"(max-width: 1024px) 100vw, 1024px\" \/>\t\t\t\t\t\t\t\t\t\t\t\t\t\t\t<\/div>\n\t\t\t\t<\/div>\n\t\t\t\t<div class=\"elementor-element elementor-element-0368cce elementor-widget elementor-widget-image\" data-id=\"0368cce\" data-element_type=\"widget\" data-e-type=\"widget\" data-widget_type=\"image.default\">\n\t\t\t\t<div class=\"elementor-widget-container\">\n\t\t\t\t\t\t\t\t\t\t\t\t\t\t\t<img decoding=\"async\" width=\"1024\" height=\"724\" src=\"https:\/\/www.isidata.de\/wp-content\/uploads\/2020\/11\/output3-1-1024x724.jpg\" class=\"attachment-large size-large wp-image-494\" alt=\"\" srcset=\"https:\/\/www.isidata.de\/wp-content\/uploads\/2020\/11\/output3-1-1024x724.jpg 1024w, https:\/\/www.isidata.de\/wp-content\/uploads\/2020\/11\/output3-1-300x212.jpg 300w, https:\/\/www.isidata.de\/wp-content\/uploads\/2020\/11\/output3-1-768x543.jpg 768w, https:\/\/www.isidata.de\/wp-content\/uploads\/2020\/11\/output3-1-1536x1086.jpg 1536w, https:\/\/www.isidata.de\/wp-content\/uploads\/2020\/11\/output3-1-2048x1448.jpg 2048w\" sizes=\"(max-width: 1024px) 100vw, 1024px\" \/>\t\t\t\t\t\t\t\t\t\t\t\t\t\t\t<\/div>\n\t\t\t\t<\/div>\n\t\t\t\t\t<\/div>\n\t\t<\/div>\n\t\t\t\t\t<\/div>\n\t\t<\/section>\n\t\t\t\t<\/div>\n\t\t","protected":false},"excerpt":{"rendered":"<p>vip bietet ein breites Spektrum an Auswertungen f\u00fcr verschiedene Zwecke. Es reicht von einfachen Listen \u00fcber speziell formatierte Postscript- bzw. PDF-Ausgaben bis hin zu komplexen Grafiken. Der Benutzer kann unterschiedliche Datenanalysen \u00fcber verschiedene Aggregationsstufen (beispielsweise Streckenbelastung je Stunde, je Verkehrszeit, je Tag) und Datenselektionen (f\u00fcr spezielle Linienbereiche, Gemeinden, Haltepunktgruppen etc.) durchf\u00fchren. Der Aufbau und das [&hellip;]<\/p>\n","protected":false},"author":4,"featured_media":0,"parent":199,"menu_order":0,"comment_status":"closed","ping_status":"closed","template":"","meta":{"ocean_post_layout":"","ocean_both_sidebars_style":"","ocean_both_sidebars_content_width":0,"ocean_both_sidebars_sidebars_width":0,"ocean_sidebar":"0","ocean_second_sidebar":"0","ocean_disable_margins":"enable","ocean_add_body_class":"","ocean_shortcode_before_top_bar":"","ocean_shortcode_after_top_bar":"","ocean_shortcode_before_header":"","ocean_shortcode_after_header":"","ocean_has_shortcode":"","ocean_shortcode_after_title":"","ocean_shortcode_before_footer_widgets":"","ocean_shortcode_after_footer_widgets":"","ocean_shortcode_before_footer_bottom":"","ocean_shortcode_after_footer_bottom":"","ocean_display_top_bar":"default","ocean_display_header":"default","ocean_header_style":"","ocean_center_header_left_menu":"0","ocean_custom_header_template":"0","ocean_custom_logo":0,"ocean_custom_retina_logo":0,"ocean_custom_logo_max_width":0,"ocean_custom_logo_tablet_max_width":0,"ocean_custom_logo_mobile_max_width":0,"ocean_custom_logo_max_height":0,"ocean_custom_logo_tablet_max_height":0,"ocean_custom_logo_mobile_max_height":0,"ocean_header_custom_menu":"0","ocean_menu_typo_font_family":"0","ocean_menu_typo_font_subset":"","ocean_menu_typo_font_size":0,"ocean_menu_typo_font_size_tablet":0,"ocean_menu_typo_font_size_mobile":0,"ocean_menu_typo_font_size_unit":"px","ocean_menu_typo_font_weight":"","ocean_menu_typo_font_weight_tablet":"","ocean_menu_typo_font_weight_mobile":"","ocean_menu_typo_transform":"","ocean_menu_typo_transform_tablet":"","ocean_menu_typo_transform_mobile":"","ocean_menu_typo_line_height":0,"ocean_menu_typo_line_height_tablet":0,"ocean_menu_typo_line_height_mobile":0,"ocean_menu_typo_line_height_unit":"","ocean_menu_typo_spacing":0,"ocean_menu_typo_spacing_tablet":0,"ocean_menu_typo_spacing_mobile":0,"ocean_menu_typo_spacing_unit":"","ocean_menu_link_color":"","ocean_menu_link_color_hover":"","ocean_menu_link_color_active":"","ocean_menu_link_background":"","ocean_menu_link_hover_background":"","ocean_menu_link_active_background":"","ocean_menu_social_links_bg":"","ocean_menu_social_hover_links_bg":"","ocean_menu_social_links_color":"","ocean_menu_social_hover_links_color":"","ocean_disable_title":"default","ocean_disable_heading":"default","ocean_post_title":"","ocean_post_subheading":"","ocean_post_title_style":"","ocean_post_title_background_color":"","ocean_post_title_background":0,"ocean_post_title_bg_image_position":"","ocean_post_title_bg_image_attachment":"","ocean_post_title_bg_image_repeat":"","ocean_post_title_bg_image_size":"","ocean_post_title_height":0,"ocean_post_title_bg_overlay":0.5,"ocean_post_title_bg_overlay_color":"","ocean_disable_breadcrumbs":"default","ocean_breadcrumbs_color":"","ocean_breadcrumbs_separator_color":"","ocean_breadcrumbs_links_color":"","ocean_breadcrumbs_links_hover_color":"","ocean_display_footer_widgets":"default","ocean_display_footer_bottom":"default","ocean_custom_footer_template":"0","footnotes":""},"class_list":["post-477","page","type-page","status-publish","hentry","entry"],"_links":{"self":[{"href":"https:\/\/www.isidata.de\/index.php?rest_route=\/wp\/v2\/pages\/477","targetHints":{"allow":["GET"]}}],"collection":[{"href":"https:\/\/www.isidata.de\/index.php?rest_route=\/wp\/v2\/pages"}],"about":[{"href":"https:\/\/www.isidata.de\/index.php?rest_route=\/wp\/v2\/types\/page"}],"author":[{"embeddable":true,"href":"https:\/\/www.isidata.de\/index.php?rest_route=\/wp\/v2\/users\/4"}],"replies":[{"embeddable":true,"href":"https:\/\/www.isidata.de\/index.php?rest_route=%2Fwp%2Fv2%2Fcomments&post=477"}],"version-history":[{"count":53,"href":"https:\/\/www.isidata.de\/index.php?rest_route=\/wp\/v2\/pages\/477\/revisions"}],"predecessor-version":[{"id":1281,"href":"https:\/\/www.isidata.de\/index.php?rest_route=\/wp\/v2\/pages\/477\/revisions\/1281"}],"up":[{"embeddable":true,"href":"https:\/\/www.isidata.de\/index.php?rest_route=\/wp\/v2\/pages\/199"}],"wp:attachment":[{"href":"https:\/\/www.isidata.de\/index.php?rest_route=%2Fwp%2Fv2%2Fmedia&parent=477"}],"curies":[{"name":"wp","href":"https:\/\/api.w.org\/{rel}","templated":true}]}}