{"id":467,"date":"2020-11-05T14:31:17","date_gmt":"2020-11-05T13:31:17","guid":{"rendered":"http:\/\/www.isidata.de\/?page_id=467"},"modified":"2021-09-09T13:04:43","modified_gmt":"2021-09-09T11:04:43","slug":"dienstplanung","status":"publish","type":"page","link":"https:\/\/www.isidata.de\/?page_id=467","title":{"rendered":"Dienstplanung"},"content":{"rendered":"\t\t<div data-elementor-type=\"wp-page\" data-elementor-id=\"467\" class=\"elementor elementor-467\">\n\t\t\t\t\t\t<section class=\"elementor-section elementor-top-section elementor-element elementor-element-719c927 elementor-section-boxed elementor-section-height-default elementor-section-height-default\" data-id=\"719c927\" data-element_type=\"section\" data-e-type=\"section\">\n\t\t\t\t\t\t<div class=\"elementor-container elementor-column-gap-default\">\n\t\t\t\t\t<div class=\"elementor-column elementor-col-100 elementor-top-column elementor-element elementor-element-76c0daa\" data-id=\"76c0daa\" data-element_type=\"column\" data-e-type=\"column\">\n\t\t\t<div class=\"elementor-widget-wrap elementor-element-populated\">\n\t\t\t\t\t\t<div class=\"elementor-element elementor-element-c2b1722 elementor-widget elementor-widget-text-editor\" data-id=\"c2b1722\" data-element_type=\"widget\" data-e-type=\"widget\" data-widget_type=\"text-editor.default\">\n\t\t\t\t<div class=\"elementor-widget-container\">\n\t\t\t\t\t\t\t\t\t<p>Die Bildung von Diensten f\u00fcr das Erhebungspersonal auf Basis des aktuellen Fahr- und Umlaufplans ist ein Kernelement des Programmsystems <em><strong>vip<\/strong><\/em>. Durch eine effektive Planung kann der Personalbedarf einer Z\u00e4hlung deutlich reduziert werden. Gleichzeitig wird die statistische Belastbarkeit der Erhebungsdaten verbessert und der Zeitaufwand zur Erhebungsvorbereitung wesentlich verringert.<\/p>\t\t\t\t\t\t\t\t<\/div>\n\t\t\t\t<\/div>\n\t\t\t\t\t<\/div>\n\t\t<\/div>\n\t\t\t\t\t<\/div>\n\t\t<\/section>\n\t\t\t\t<section class=\"elementor-section elementor-top-section elementor-element elementor-element-7367df5 elementor-section-boxed elementor-section-height-default elementor-section-height-default\" data-id=\"7367df5\" data-element_type=\"section\" data-e-type=\"section\">\n\t\t\t\t\t\t<div class=\"elementor-container elementor-column-gap-default\">\n\t\t\t\t\t<div class=\"elementor-column elementor-col-100 elementor-top-column elementor-element elementor-element-baba980\" data-id=\"baba980\" data-element_type=\"column\" data-e-type=\"column\">\n\t\t\t<div class=\"elementor-widget-wrap elementor-element-populated\">\n\t\t\t\t\t\t<div class=\"elementor-element elementor-element-19b7bd5 elementor-widget elementor-widget-text-editor\" data-id=\"19b7bd5\" data-element_type=\"widget\" data-e-type=\"widget\" data-widget_type=\"text-editor.default\">\n\t\t\t\t<div class=\"elementor-widget-container\">\n\t\t\t\t\t\t\t\t\t<p><strong>Unterst\u00fctzung der Dienstplanung<\/strong>\n<ul>\n \t<li>Schneller \u00dcberblick \u00fcber die zu erhebende Fahrtmasse und den Umfang der Z\u00e4hlung<\/li>\n \t<li>Permanente Kontrolle \u00fcber den aktuellen Erf\u00fcllungsgrad der Stichproben f\u00fcr alle zu erhebenden Linien und Zeitschichten w\u00e4hrend der Planung<\/li>\n \t<li>Festlegung der Z\u00e4hlfahrten\n<ul>\n \t<li>im Rahmen der Diensteinteilung<\/li>\n \t<li>oder zuf\u00e4llige Stichprobe gem\u00e4\u00df einer definierten Schichtung (z.B. f\u00fcr die Schwerbehindertenz\u00e4hlung)<\/li>\n<\/ul>\n<\/li>\n \t<li>Automatische Verl\u00e4ngerung der Z\u00e4hldienste nach verschiedenen vorgebbaren Regeln<\/li>\n \t<li>Automatischer Vorschlag von Verbindungen mit Hilfe einer integrierten Fahrplanauskunft<\/li>\n \t<li>Ber\u00fccksichtigung\u00a0von Dienstl\u00e4ngenvorgaben, Vorbereitungs- und Pausenzeiten<\/li>\n \t<li>Ber\u00fccksichtigung von monet\u00e4ren und zeitlichen Aufschl\u00e4gen<\/li>\n<\/ul><\/p>\n<p><strong>Einteilung des Z\u00e4hlpersonals<\/strong>\n<ul>\n \t<li>Verwaltung der zur Verf\u00fcgung stehenden Z\u00e4hler inklusive der Kontaktdaten<\/li>\n \t<li>Einteilung der Z\u00e4hler zu den Diensten mit Ber\u00fccksichtigung von\n<ul>\n \t<li>individuellen Abwesenheiten<\/li>\n \t<li>Z\u00e4hlergruppen<\/li>\n<\/ul>\n<\/li>\n \t<li>Beachtung vertraglicher Rahmenbedingungen, wie z. B.\n<ul>\n \t<li>maximaler Verdienst pro Monat (z. B. 450\u20ac Minijobs)<\/li>\n \t<li>Beschr\u00e4nkungen der Arbeitstage pro Jahr<\/li>\n \t<li>Beschr\u00e4nkungen der Arbeitsstunden pro Woche<\/li>\n<\/ul>\n<\/li>\n<\/ul><\/p>\t\t\t\t\t\t\t\t<\/div>\n\t\t\t\t<\/div>\n\t\t\t\t\t<\/div>\n\t\t<\/div>\n\t\t\t\t\t<\/div>\n\t\t<\/section>\n\t\t\t\t<\/div>\n\t\t","protected":false},"excerpt":{"rendered":"<p>Die Bildung von Diensten f\u00fcr das Erhebungspersonal auf Basis des aktuellen Fahr- und Umlaufplans ist ein Kernelement des Programmsystems vip. Durch eine effektive Planung kann der Personalbedarf einer Z\u00e4hlung deutlich reduziert werden. Gleichzeitig wird die statistische Belastbarkeit der Erhebungsdaten verbessert und der Zeitaufwand zur Erhebungsvorbereitung wesentlich verringert. Unterst\u00fctzung der Dienstplanung Schneller \u00dcberblick \u00fcber die zu [&hellip;]<\/p>\n","protected":false},"author":4,"featured_media":0,"parent":199,"menu_order":0,"comment_status":"closed","ping_status":"closed","template":"","meta":{"ocean_post_layout":"","ocean_both_sidebars_style":"","ocean_both_sidebars_content_width":0,"ocean_both_sidebars_sidebars_width":0,"ocean_sidebar":"0","ocean_second_sidebar":"0","ocean_disable_margins":"enable","ocean_add_body_class":"","ocean_shortcode_before_top_bar":"","ocean_shortcode_after_top_bar":"","ocean_shortcode_before_header":"","ocean_shortcode_after_header":"","ocean_has_shortcode":"","ocean_shortcode_after_title":"","ocean_shortcode_before_footer_widgets":"","ocean_shortcode_after_footer_widgets":"","ocean_shortcode_before_footer_bottom":"","ocean_shortcode_after_footer_bottom":"","ocean_display_top_bar":"default","ocean_display_header":"default","ocean_header_style":"","ocean_center_header_left_menu":"0","ocean_custom_header_template":"0","ocean_custom_logo":0,"ocean_custom_retina_logo":0,"ocean_custom_logo_max_width":0,"ocean_custom_logo_tablet_max_width":0,"ocean_custom_logo_mobile_max_width":0,"ocean_custom_logo_max_height":0,"ocean_custom_logo_tablet_max_height":0,"ocean_custom_logo_mobile_max_height":0,"ocean_header_custom_menu":"0","ocean_menu_typo_font_family":"0","ocean_menu_typo_font_subset":"","ocean_menu_typo_font_size":0,"ocean_menu_typo_font_size_tablet":0,"ocean_menu_typo_font_size_mobile":0,"ocean_menu_typo_font_size_unit":"px","ocean_menu_typo_font_weight":"","ocean_menu_typo_font_weight_tablet":"","ocean_menu_typo_font_weight_mobile":"","ocean_menu_typo_transform":"","ocean_menu_typo_transform_tablet":"","ocean_menu_typo_transform_mobile":"","ocean_menu_typo_line_height":0,"ocean_menu_typo_line_height_tablet":0,"ocean_menu_typo_line_height_mobile":0,"ocean_menu_typo_line_height_unit":"","ocean_menu_typo_spacing":0,"ocean_menu_typo_spacing_tablet":0,"ocean_menu_typo_spacing_mobile":0,"ocean_menu_typo_spacing_unit":"","ocean_menu_link_color":"","ocean_menu_link_color_hover":"","ocean_menu_link_color_active":"","ocean_menu_link_background":"","ocean_menu_link_hover_background":"","ocean_menu_link_active_background":"","ocean_menu_social_links_bg":"","ocean_menu_social_hover_links_bg":"","ocean_menu_social_links_color":"","ocean_menu_social_hover_links_color":"","ocean_disable_title":"default","ocean_disable_heading":"default","ocean_post_title":"","ocean_post_subheading":"","ocean_post_title_style":"","ocean_post_title_background_color":"","ocean_post_title_background":0,"ocean_post_title_bg_image_position":"","ocean_post_title_bg_image_attachment":"","ocean_post_title_bg_image_repeat":"","ocean_post_title_bg_image_size":"","ocean_post_title_height":0,"ocean_post_title_bg_overlay":0.5,"ocean_post_title_bg_overlay_color":"","ocean_disable_breadcrumbs":"default","ocean_breadcrumbs_color":"","ocean_breadcrumbs_separator_color":"","ocean_breadcrumbs_links_color":"","ocean_breadcrumbs_links_hover_color":"","ocean_display_footer_widgets":"default","ocean_display_footer_bottom":"default","ocean_custom_footer_template":"0","footnotes":""},"class_list":["post-467","page","type-page","status-publish","hentry","entry"],"_links":{"self":[{"href":"https:\/\/www.isidata.de\/index.php?rest_route=\/wp\/v2\/pages\/467","targetHints":{"allow":["GET"]}}],"collection":[{"href":"https:\/\/www.isidata.de\/index.php?rest_route=\/wp\/v2\/pages"}],"about":[{"href":"https:\/\/www.isidata.de\/index.php?rest_route=\/wp\/v2\/types\/page"}],"author":[{"embeddable":true,"href":"https:\/\/www.isidata.de\/index.php?rest_route=\/wp\/v2\/users\/4"}],"replies":[{"embeddable":true,"href":"https:\/\/www.isidata.de\/index.php?rest_route=%2Fwp%2Fv2%2Fcomments&post=467"}],"version-history":[{"count":26,"href":"https:\/\/www.isidata.de\/index.php?rest_route=\/wp\/v2\/pages\/467\/revisions"}],"predecessor-version":[{"id":1272,"href":"https:\/\/www.isidata.de\/index.php?rest_route=\/wp\/v2\/pages\/467\/revisions\/1272"}],"up":[{"embeddable":true,"href":"https:\/\/www.isidata.de\/index.php?rest_route=\/wp\/v2\/pages\/199"}],"wp:attachment":[{"href":"https:\/\/www.isidata.de\/index.php?rest_route=%2Fwp%2Fv2%2Fmedia&parent=467"}],"curies":[{"name":"wp","href":"https:\/\/api.w.org\/{rel}","templated":true}]}}