{"id":419,"date":"2020-11-05T12:08:06","date_gmt":"2020-11-05T11:08:06","guid":{"rendered":"http:\/\/www.isidata.de\/?page_id=419"},"modified":"2025-04-04T18:16:23","modified_gmt":"2025-04-04T16:16:23","slug":"schulungen-workshos","status":"publish","type":"page","link":"https:\/\/www.isidata.de\/?page_id=419","title":{"rendered":"Schulungen &#038; Workshops"},"content":{"rendered":"<p>Wir bieten unseren Kunden ein umfangreiches Schulungsangebot an, welches individuell auf die W\u00fcnsche und Anforderungen der Teilnehmer abgestimmt wird.<\/p>\n<p>In kleinen Arbeitsgruppen ist intensives Arbeiten und eine individuelle Betreuung selbstverst\u00e4ndlich.<\/p>\n<p>Melden Sie sich bei uns. Eventuell sind noch Pl\u00e4tze in Schulungen frei oder wir finden einen neuen Termin.<\/p>\n<p>Schulungen finden in unseren Schulungsr\u00e4umen in Hannover statt &#8211; oder nach Wunsch auch bei Ihnen im Betrieb! Gerne erstellen wir ein individuelles Schulungskonzept.<\/p>\n<p>Schulungsprogramm <a href=\"\/?download=1476\"><i><b>downloaden&#8230;<\/b><\/i><\/a><\/p>\n","protected":false},"excerpt":{"rendered":"<p>Wir bieten unseren Kunden ein umfangreiches Schulungsangebot an, welches individuell auf die W\u00fcnsche und Anforderungen der Teilnehmer abgestimmt wird. In kleinen Arbeitsgruppen ist intensives Arbeiten und eine individuelle Betreuung selbstverst\u00e4ndlich. Melden Sie sich bei uns. Eventuell sind noch Pl\u00e4tze in Schulungen frei oder wir finden einen neuen Termin. Schulungen finden in unseren Schulungsr\u00e4umen in Hannover [&hellip;]<\/p>\n","protected":false},"author":4,"featured_media":0,"parent":666,"menu_order":0,"comment_status":"closed","ping_status":"closed","template":"","meta":{"ocean_post_layout":"","ocean_both_sidebars_style":"","ocean_both_sidebars_content_width":0,"ocean_both_sidebars_sidebars_width":0,"ocean_sidebar":"0","ocean_second_sidebar":"0","ocean_disable_margins":"enable","ocean_add_body_class":"","ocean_shortcode_before_top_bar":"","ocean_shortcode_after_top_bar":"","ocean_shortcode_before_header":"","ocean_shortcode_after_header":"","ocean_has_shortcode":"","ocean_shortcode_after_title":"","ocean_shortcode_before_footer_widgets":"","ocean_shortcode_after_footer_widgets":"","ocean_shortcode_before_footer_bottom":"","ocean_shortcode_after_footer_bottom":"","ocean_display_top_bar":"default","ocean_display_header":"default","ocean_header_style":"","ocean_center_header_left_menu":"0","ocean_custom_header_template":"0","ocean_custom_logo":0,"ocean_custom_retina_logo":0,"ocean_custom_logo_max_width":0,"ocean_custom_logo_tablet_max_width":0,"ocean_custom_logo_mobile_max_width":0,"ocean_custom_logo_max_height":0,"ocean_custom_logo_tablet_max_height":0,"ocean_custom_logo_mobile_max_height":0,"ocean_header_custom_menu":"0","ocean_menu_typo_font_family":"0","ocean_menu_typo_font_subset":"","ocean_menu_typo_font_size":0,"ocean_menu_typo_font_size_tablet":0,"ocean_menu_typo_font_size_mobile":0,"ocean_menu_typo_font_size_unit":"px","ocean_menu_typo_font_weight":"","ocean_menu_typo_font_weight_tablet":"","ocean_menu_typo_font_weight_mobile":"","ocean_menu_typo_transform":"","ocean_menu_typo_transform_tablet":"","ocean_menu_typo_transform_mobile":"","ocean_menu_typo_line_height":0,"ocean_menu_typo_line_height_tablet":0,"ocean_menu_typo_line_height_mobile":0,"ocean_menu_typo_line_height_unit":"","ocean_menu_typo_spacing":0,"ocean_menu_typo_spacing_tablet":0,"ocean_menu_typo_spacing_mobile":0,"ocean_menu_typo_spacing_unit":"","ocean_menu_link_color":"","ocean_menu_link_color_hover":"","ocean_menu_link_color_active":"","ocean_menu_link_background":"","ocean_menu_link_hover_background":"","ocean_menu_link_active_background":"","ocean_menu_social_links_bg":"","ocean_menu_social_hover_links_bg":"","ocean_menu_social_links_color":"","ocean_menu_social_hover_links_color":"","ocean_disable_title":"default","ocean_disable_heading":"default","ocean_post_title":"","ocean_post_subheading":"","ocean_post_title_style":"","ocean_post_title_background_color":"","ocean_post_title_background":0,"ocean_post_title_bg_image_position":"","ocean_post_title_bg_image_attachment":"","ocean_post_title_bg_image_repeat":"","ocean_post_title_bg_image_size":"","ocean_post_title_height":0,"ocean_post_title_bg_overlay":0.5,"ocean_post_title_bg_overlay_color":"","ocean_disable_breadcrumbs":"default","ocean_breadcrumbs_color":"","ocean_breadcrumbs_separator_color":"","ocean_breadcrumbs_links_color":"","ocean_breadcrumbs_links_hover_color":"","ocean_display_footer_widgets":"default","ocean_display_footer_bottom":"default","ocean_custom_footer_template":"0","footnotes":""},"class_list":["post-419","page","type-page","status-publish","hentry","entry"],"_links":{"self":[{"href":"https:\/\/www.isidata.de\/index.php?rest_route=\/wp\/v2\/pages\/419","targetHints":{"allow":["GET"]}}],"collection":[{"href":"https:\/\/www.isidata.de\/index.php?rest_route=\/wp\/v2\/pages"}],"about":[{"href":"https:\/\/www.isidata.de\/index.php?rest_route=\/wp\/v2\/types\/page"}],"author":[{"embeddable":true,"href":"https:\/\/www.isidata.de\/index.php?rest_route=\/wp\/v2\/users\/4"}],"replies":[{"embeddable":true,"href":"https:\/\/www.isidata.de\/index.php?rest_route=%2Fwp%2Fv2%2Fcomments&post=419"}],"version-history":[{"count":66,"href":"https:\/\/www.isidata.de\/index.php?rest_route=\/wp\/v2\/pages\/419\/revisions"}],"predecessor-version":[{"id":1485,"href":"https:\/\/www.isidata.de\/index.php?rest_route=\/wp\/v2\/pages\/419\/revisions\/1485"}],"up":[{"embeddable":true,"href":"https:\/\/www.isidata.de\/index.php?rest_route=\/wp\/v2\/pages\/666"}],"wp:attachment":[{"href":"https:\/\/www.isidata.de\/index.php?rest_route=%2Fwp%2Fv2%2Fmedia&parent=419"}],"curies":[{"name":"wp","href":"https:\/\/api.w.org\/{rel}","templated":true}]}}