{"id":33,"date":"2020-07-14T12:18:52","date_gmt":"2020-07-14T10:18:52","guid":{"rendered":"http:\/\/www.isidata.de\/?page_id=33"},"modified":"2021-09-22T14:46:58","modified_gmt":"2021-09-22T12:46:58","slug":"das-unternehmen","status":"publish","type":"page","link":"https:\/\/www.isidata.de\/?page_id=33","title":{"rendered":"Das Unternehmen"},"content":{"rendered":"\t\t<div data-elementor-type=\"wp-page\" data-elementor-id=\"33\" class=\"elementor elementor-33\">\n\t\t\t\t\t\t<section class=\"elementor-section elementor-top-section elementor-element elementor-element-05d2ba2 elementor-section-boxed elementor-section-height-default elementor-section-height-default\" data-id=\"05d2ba2\" data-element_type=\"section\" data-e-type=\"section\">\n\t\t\t\t\t\t<div class=\"elementor-container elementor-column-gap-default\">\n\t\t\t\t\t<div class=\"elementor-column elementor-col-100 elementor-top-column elementor-element elementor-element-eb1d019\" data-id=\"eb1d019\" data-element_type=\"column\" data-e-type=\"column\">\n\t\t\t<div class=\"elementor-widget-wrap elementor-element-populated\">\n\t\t\t\t\t\t<div class=\"elementor-element elementor-element-b966ce0 elementor-widget elementor-widget-text-editor\" data-id=\"b966ce0\" data-element_type=\"widget\" data-e-type=\"widget\" data-widget_type=\"text-editor.default\">\n\t\t\t\t<div class=\"elementor-widget-container\">\n\t\t\t\t\t\t\t\t\t<p>Seit 1978 ist ISIDATA erfolgreich in der Softwareentwicklung im wissenschaftlich technischen Bereich t\u00e4tig. Die Beratung von Unternehmen bei der Planung, Durchf\u00fchrung und Kontrolle individueller IT-Projekte geh\u00f6rt zu unseren Kernkompetenzen. Wir stehen f\u00fcr moderne, individuelle Softwarel\u00f6sungen, die optimal auf den jeweiligen Anwendungsfall abgestimmt sind.<br>Der Firmensitz befindet sich bereits seit der Gr\u00fcndung des Unternehmens durch die f\u00fcnf gesch\u00e4ftsf\u00fchrenden Gesellschafter Wolfgang Goebbels, Andreas Gruhl, Heinrich Kleene, Rolf Sonntag und Manfred Witschel im Herzen von Hannover und ist fu\u00dfl\u00e4ufig vom Hauptbahnhof zu erreichen. Aktuell wird die ISIDATA GmbH durch die beiden gesch\u00e4ftsf\u00fchrenden Gesellschafter Andreas Gruhl und Kerstin Heymann vertreten.<br>ISIDATA besch\u00e4ftigt insgesamt 17 Mitarbeiter in den Bereichen Softwareentwicklung und Kundenservice.<br>Im Rahmen unserer mehr als 40-j\u00e4hrigen Erfahrung sind innovative Projekte f\u00fcr Kunden aus der Automobilbranche, dem Bereich Bergbau und Energie, dem \u00f6ffentlichen Personennahverkehr und Landesverwaltungs\u00e4mter umgesetzt. Besonders der \u00f6ffentliche Personennahverkehr hat sich im Laufe der Zeit&nbsp; zum Schwerpunkt entwickelt.<br>Unsere Softwarel\u00f6sungen werden seit vielen Jahren von Verkehrsunternehmen in Deutschland, \u00d6sterreich und der Schweiz erfolgreich zur Fahr- und Dienstplanung, der Planung und Durchf\u00fchrung von Verkehrserhebungen und der Analyse aktueller Verkehrsdaten eingesetzt.<\/p>\t\t\t\t\t\t\t\t<\/div>\n\t\t\t\t<\/div>\n\t\t\t\t\t<\/div>\n\t\t<\/div>\n\t\t\t\t\t<\/div>\n\t\t<\/section>\n\t\t\t\t<\/div>\n\t\t","protected":false},"excerpt":{"rendered":"<p>Seit 1978 ist ISIDATA erfolgreich in der Softwareentwicklung im wissenschaftlich technischen Bereich t\u00e4tig. Die Beratung von Unternehmen bei der Planung, Durchf\u00fchrung und Kontrolle individueller IT-Projekte geh\u00f6rt zu unseren Kernkompetenzen. Wir stehen f\u00fcr moderne, individuelle Softwarel\u00f6sungen, die optimal auf den jeweiligen Anwendungsfall abgestimmt sind.Der Firmensitz befindet sich bereits seit der Gr\u00fcndung des Unternehmens durch die f\u00fcnf [&hellip;]<\/p>\n","protected":false},"author":4,"featured_media":0,"parent":0,"menu_order":0,"comment_status":"closed","ping_status":"closed","template":"","meta":{"ocean_post_layout":"","ocean_both_sidebars_style":"","ocean_both_sidebars_content_width":0,"ocean_both_sidebars_sidebars_width":0,"ocean_sidebar":"0","ocean_second_sidebar":"0","ocean_disable_margins":"enable","ocean_add_body_class":"","ocean_shortcode_before_top_bar":"","ocean_shortcode_after_top_bar":"","ocean_shortcode_before_header":"","ocean_shortcode_after_header":"","ocean_has_shortcode":"","ocean_shortcode_after_title":"","ocean_shortcode_before_footer_widgets":"","ocean_shortcode_after_footer_widgets":"","ocean_shortcode_before_footer_bottom":"","ocean_shortcode_after_footer_bottom":"","ocean_display_top_bar":"default","ocean_display_header":"default","ocean_header_style":"","ocean_center_header_left_menu":"0","ocean_custom_header_template":"0","ocean_custom_logo":0,"ocean_custom_retina_logo":0,"ocean_custom_logo_max_width":0,"ocean_custom_logo_tablet_max_width":0,"ocean_custom_logo_mobile_max_width":0,"ocean_custom_logo_max_height":0,"ocean_custom_logo_tablet_max_height":0,"ocean_custom_logo_mobile_max_height":0,"ocean_header_custom_menu":"0","ocean_menu_typo_font_family":"0","ocean_menu_typo_font_subset":"","ocean_menu_typo_font_size":0,"ocean_menu_typo_font_size_tablet":0,"ocean_menu_typo_font_size_mobile":0,"ocean_menu_typo_font_size_unit":"px","ocean_menu_typo_font_weight":"","ocean_menu_typo_font_weight_tablet":"","ocean_menu_typo_font_weight_mobile":"","ocean_menu_typo_transform":"","ocean_menu_typo_transform_tablet":"","ocean_menu_typo_transform_mobile":"","ocean_menu_typo_line_height":0,"ocean_menu_typo_line_height_tablet":0,"ocean_menu_typo_line_height_mobile":0,"ocean_menu_typo_line_height_unit":"","ocean_menu_typo_spacing":0,"ocean_menu_typo_spacing_tablet":0,"ocean_menu_typo_spacing_mobile":0,"ocean_menu_typo_spacing_unit":"","ocean_menu_link_color":"","ocean_menu_link_color_hover":"","ocean_menu_link_color_active":"","ocean_menu_link_background":"","ocean_menu_link_hover_background":"","ocean_menu_link_active_background":"","ocean_menu_social_links_bg":"","ocean_menu_social_hover_links_bg":"","ocean_menu_social_links_color":"","ocean_menu_social_hover_links_color":"","ocean_disable_title":"default","ocean_disable_heading":"default","ocean_post_title":"","ocean_post_subheading":"","ocean_post_title_style":"","ocean_post_title_background_color":"","ocean_post_title_background":0,"ocean_post_title_bg_image_position":"","ocean_post_title_bg_image_attachment":"","ocean_post_title_bg_image_repeat":"","ocean_post_title_bg_image_size":"","ocean_post_title_height":0,"ocean_post_title_bg_overlay":0.5,"ocean_post_title_bg_overlay_color":"","ocean_disable_breadcrumbs":"default","ocean_breadcrumbs_color":"","ocean_breadcrumbs_separator_color":"","ocean_breadcrumbs_links_color":"","ocean_breadcrumbs_links_hover_color":"","ocean_display_footer_widgets":"default","ocean_display_footer_bottom":"default","ocean_custom_footer_template":"0","footnotes":""},"class_list":["post-33","page","type-page","status-publish","hentry","entry"],"_links":{"self":[{"href":"https:\/\/www.isidata.de\/index.php?rest_route=\/wp\/v2\/pages\/33","targetHints":{"allow":["GET"]}}],"collection":[{"href":"https:\/\/www.isidata.de\/index.php?rest_route=\/wp\/v2\/pages"}],"about":[{"href":"https:\/\/www.isidata.de\/index.php?rest_route=\/wp\/v2\/types\/page"}],"author":[{"embeddable":true,"href":"https:\/\/www.isidata.de\/index.php?rest_route=\/wp\/v2\/users\/4"}],"replies":[{"embeddable":true,"href":"https:\/\/www.isidata.de\/index.php?rest_route=%2Fwp%2Fv2%2Fcomments&post=33"}],"version-history":[{"count":23,"href":"https:\/\/www.isidata.de\/index.php?rest_route=\/wp\/v2\/pages\/33\/revisions"}],"predecessor-version":[{"id":1326,"href":"https:\/\/www.isidata.de\/index.php?rest_route=\/wp\/v2\/pages\/33\/revisions\/1326"}],"wp:attachment":[{"href":"https:\/\/www.isidata.de\/index.php?rest_route=%2Fwp%2Fv2%2Fmedia&parent=33"}],"curies":[{"name":"wp","href":"https:\/\/api.w.org\/{rel}","templated":true}]}}