{"id":274,"date":"2020-10-30T08:18:41","date_gmt":"2020-10-30T07:18:41","guid":{"rendered":"http:\/\/www.isidata.de\/?page_id=274"},"modified":"2025-05-16T15:16:08","modified_gmt":"2025-05-16T13:16:08","slug":"aktuelles","status":"publish","type":"page","link":"https:\/\/www.isidata.de\/?page_id=274","title":{"rendered":"Aktuelles"},"content":{"rendered":"\t\t<div data-elementor-type=\"wp-page\" data-elementor-id=\"274\" class=\"elementor elementor-274\">\n\t\t\t\t\t\t<section class=\"elementor-section elementor-top-section elementor-element elementor-element-ad91236 elementor-section-boxed elementor-section-height-default elementor-section-height-default\" data-id=\"ad91236\" data-element_type=\"section\" data-e-type=\"section\">\n\t\t\t\t\t\t<div class=\"elementor-container elementor-column-gap-default\">\n\t\t\t\t\t<div class=\"elementor-column elementor-col-100 elementor-top-column elementor-element elementor-element-00ddb67\" data-id=\"00ddb67\" data-element_type=\"column\" data-e-type=\"column\">\n\t\t\t<div class=\"elementor-widget-wrap elementor-element-populated\">\n\t\t\t\t\t\t<div class=\"elementor-element elementor-element-f09c193 elementor-arrows-position-inside elementor-pagination-position-outside elementor-widget elementor-widget-image-carousel\" data-id=\"f09c193\" data-element_type=\"widget\" data-e-type=\"widget\" data-settings=\"{&quot;navigation&quot;:&quot;both&quot;,&quot;autoplay&quot;:&quot;yes&quot;,&quot;pause_on_hover&quot;:&quot;yes&quot;,&quot;pause_on_interaction&quot;:&quot;yes&quot;,&quot;autoplay_speed&quot;:5000,&quot;infinite&quot;:&quot;yes&quot;,&quot;speed&quot;:500}\" data-widget_type=\"image-carousel.default\">\n\t\t\t\t<div class=\"elementor-widget-container\">\n\t\t\t\t\t\t\t<div class=\"elementor-image-carousel-wrapper swiper\" role=\"region\" aria-roledescription=\"carousel\" aria-label=\"Bild Karussell\" dir=\"ltr\">\n\t\t\t<div class=\"elementor-image-carousel swiper-wrapper\" aria-live=\"off\">\n\t\t\t\t\t\t\t\t<div class=\"swiper-slide\" role=\"group\" aria-roledescription=\"slide\" aria-label=\"1 von 9\"><figure class=\"swiper-slide-inner\"><img decoding=\"async\" class=\"swiper-slide-image\" src=\"https:\/\/www.isidata.de\/wp-content\/uploads\/2020\/10\/AWT-2019-0226-768x512.jpg\" alt=\"AWT-2019-0226\" \/><\/figure><\/div><div class=\"swiper-slide\" role=\"group\" aria-roledescription=\"slide\" aria-label=\"2 von 9\"><figure class=\"swiper-slide-inner\"><img decoding=\"async\" class=\"swiper-slide-image\" src=\"https:\/\/www.isidata.de\/wp-content\/uploads\/2020\/10\/AWT-2018-1100-768x512.jpg\" alt=\"AWT-2018-1100\" \/><\/figure><\/div><div class=\"swiper-slide\" role=\"group\" aria-roledescription=\"slide\" aria-label=\"3 von 9\"><figure class=\"swiper-slide-inner\"><img decoding=\"async\" class=\"swiper-slide-image\" src=\"https:\/\/www.isidata.de\/wp-content\/uploads\/2020\/10\/AWT-2018-0125-768x512.jpg\" alt=\"AWT-2018-0125\" \/><\/figure><\/div><div class=\"swiper-slide\" role=\"group\" aria-roledescription=\"slide\" aria-label=\"4 von 9\"><figure class=\"swiper-slide-inner\"><img decoding=\"async\" class=\"swiper-slide-image\" src=\"https:\/\/www.isidata.de\/wp-content\/uploads\/2020\/10\/AWT-2019-1310-768x512.jpg\" alt=\"AWT-2019-1310\" \/><\/figure><\/div><div class=\"swiper-slide\" role=\"group\" aria-roledescription=\"slide\" aria-label=\"5 von 9\"><figure class=\"swiper-slide-inner\"><img decoding=\"async\" class=\"swiper-slide-image\" src=\"https:\/\/www.isidata.de\/wp-content\/uploads\/2020\/10\/AWT-2019-1073-768x511.jpg\" alt=\"AWT-2019-1073\" \/><\/figure><\/div><div class=\"swiper-slide\" role=\"group\" aria-roledescription=\"slide\" aria-label=\"6 von 9\"><figure class=\"swiper-slide-inner\"><img decoding=\"async\" class=\"swiper-slide-image\" src=\"https:\/\/www.isidata.de\/wp-content\/uploads\/2020\/10\/AWT-2019-0335-768x512.jpg\" alt=\"AWT-2019-0335\" \/><\/figure><\/div><div class=\"swiper-slide\" role=\"group\" aria-roledescription=\"slide\" aria-label=\"7 von 9\"><figure class=\"swiper-slide-inner\"><img decoding=\"async\" class=\"swiper-slide-image\" src=\"https:\/\/www.isidata.de\/wp-content\/uploads\/2020\/10\/AWT-2019-0290-768x512.jpg\" alt=\"AWT-2019-0290\" \/><\/figure><\/div><div class=\"swiper-slide\" role=\"group\" aria-roledescription=\"slide\" aria-label=\"8 von 9\"><figure class=\"swiper-slide-inner\"><img decoding=\"async\" class=\"swiper-slide-image\" src=\"https:\/\/www.isidata.de\/wp-content\/uploads\/2020\/10\/AWT-2018-0075-768x512.jpg\" alt=\"AWT-2018-0075\" \/><\/figure><\/div><div class=\"swiper-slide\" role=\"group\" aria-roledescription=\"slide\" aria-label=\"9 von 9\"><figure class=\"swiper-slide-inner\"><img decoding=\"async\" class=\"swiper-slide-image\" src=\"https:\/\/www.isidata.de\/wp-content\/uploads\/2020\/10\/AWT-2019-0252-768x512.jpg\" alt=\"AWT-2019-0252\" \/><\/figure><\/div>\t\t\t<\/div>\n\t\t\t\t\t\t\t\t\t\t\t\t<div class=\"elementor-swiper-button elementor-swiper-button-prev\" role=\"button\" tabindex=\"0\">\n\t\t\t\t\t\t<i aria-hidden=\"true\" class=\"eicon-chevron-left\"><\/i>\t\t\t\t\t<\/div>\n\t\t\t\t\t<div class=\"elementor-swiper-button elementor-swiper-button-next\" role=\"button\" tabindex=\"0\">\n\t\t\t\t\t\t<i aria-hidden=\"true\" class=\"eicon-chevron-right\"><\/i>\t\t\t\t\t<\/div>\n\t\t\t\t\n\t\t\t\t\t\t\t\t\t<div class=\"swiper-pagination\"><\/div>\n\t\t\t\t\t\t\t\t\t<\/div>\n\t\t\t\t\t\t<\/div>\n\t\t\t\t<\/div>\n\t\t\t\t<div class=\"elementor-element elementor-element-a02d077 elementor-widget__width-initial elementor-widget elementor-widget-text-editor\" data-id=\"a02d077\" data-element_type=\"widget\" data-e-type=\"widget\" data-widget_type=\"text-editor.default\">\n\t\t\t\t<div class=\"elementor-widget-container\">\n\t\t\t\t\t\t\t\t\t<p><b>27 <\/b><b>. M\u00e4rz 2025<\/b><\/p>\n<p>Wir sind dabei das Anwendertreffen 2025 zu organisieren. Leider ist unsere vorab reservierte Tagungsm\u00f6glichkeit abgesprungen. Wir sind derzeit auf der Suche nach einem Tagungsraum f\u00fcr 100 Personen mit entsprechenden Zimmerkapazit\u00e4ten.<\/p>\n<p><b>1. M\u00e4rz 2025<\/b><\/p>\n<p>Weitere Kunden stellen auf die neue Hardware um. <b><i>epon<\/i><\/b> und <b><i>vip<\/i><\/b> auf VM &#8211; virtuellen Servern.<\/p>\n<p><b>10. Januar 2025<\/b><\/p>\n<p>F\u00fcr die Einsteigerschulung im Februar sind noch 2 Pl\u00e4tze frei.<\/p>\n<p><b>15. Dezember 2024<\/b><\/p>\n<p>BREMERHAVEN BUS hat das Zusatzmodul ALEA eingef\u00fchrt um unter anderem auch&nbsp; P\u00fcnktlichkeitsanalysen f\u00fcr die Fahrplanung \u00fcbersichtlich und schnell nutzen zu k\u00f6nnen.<\/p>\n<p><b>1. Februar 2024<\/b><\/p>\n<p>Die NEW mobil und aktiv M\u00f6nchengladbach GmbH setzt <b><i>vip<\/i><\/b> f\u00fcr die Schwerbehindertenz\u00e4hlung ein. Herzlich Willkommen im <b><i>vip<\/i><\/b>-Anwenderkreis!<\/p>\n<p><b>1. Juli 2023<\/b><\/p>\n<p>Das <i><b>epon<\/b><\/i>-\/<b><i>vip<\/i><\/b>-Anwendertreffen hat vom 12.06. &#8211; 14.06.2023 in G\u00f6ttingen statt gefunden. Wir waren 114 Anwender, die unter anderem Vortr\u00e4ge z. B. der G\u00f6vB zum Thema &#8222;Einsatz der Dienstoptimierung in der t\u00e4glichen Dienstplanung&#8220; oder der AVG zum Thema&nbsp; &#8222;ALEA\/vip&nbsp; Hintergrundsystem zur Auswertung von Z\u00e4hldaten&#8220; erlebten. Es gab viel Gelegenheit sich untereinander \u00fcber diese und andere Themen auszutauschen.<\/p>\n<p><b>1. M\u00e4rz 2022<\/b><\/p>\n<p>Die ersten Einsteiger- und Aufbauschulungen finden wieder vor Ort bei uns in Hannover<br>statt. Wir freuen uns die Anwender wieder bei uns begr\u00fc\u00dfen zu d\u00fcrfen. Es gibt viel nachzuholen.<\/p>\n<p><b>11. Februar 2022<\/b><\/p>\n<p>Die Vorbereitungen f\u00fcr die Schwerbehindertenz\u00e4hlung bei unseren Kunden im VRR laufen auf Hochtouren.<\/p>\n<p><b>21. September 2021<\/b><\/p>\n<p>Die ersten Schulungen finden wieder vor Ort bei uns in Hannover statt. Wir freuen uns die Anwender wieder bei uns begr\u00fc\u00dfen zu d\u00fcrfen.<\/p>\n<p><b>1. September 2021<\/b><\/p>\n<p>Gemeinsam mit den Osnabr\u00fccker Verkehrsbetrieben haben wir die neue Umlaufoptimierung mit E-Bussen eingesetzt, um verschiedene Fahrplanszenarien zu erstellen. Dabei wird unter anderem ber\u00fccksichtigt, dass die Fahrzeuge an verschiedenen Endstellen im Netz geladen werden k\u00f6nnen. Diese Ladestellen k\u00f6nnen unterschiedlich viele Fahrzeuge gleichzeitig laden und sind von verschiedenen Endpunkten im Netz erreichbar. Ebenso kann ber\u00fccksichtigt werden, dass die Fahrzeuge nachts auf dem Betriebshof nicht voll geladen werden k\u00f6nnen.<\/p>\n<p><b>4. August 2021<\/b><\/p>\n<p>Bei den Dresdner Verkehrsbetrieben wird die Unternehmerabrechnung auf <b><i>alea <\/i><\/b>umgestellt. Die verschiedenen Sonderf\u00e4lle, wie Fahrzeuggestellung vom Unternehmer mit Personal von der DVB oder umgekehrt werden ber\u00fccksichtigt. In der Monatsabrechnung sind in den erstellten Tabellen die Gesamtsumme sowie alle Abz\u00fcge und Sonderleistungen \u00fcbersichtlich aufgef\u00fchrt.<\/p>\t\t\t\t\t\t\t\t<\/div>\n\t\t\t\t<\/div>\n\t\t\t\t\t<\/div>\n\t\t<\/div>\n\t\t\t\t\t<\/div>\n\t\t<\/section>\n\t\t\t\t<section class=\"elementor-section elementor-top-section elementor-element elementor-element-6a928a1 elementor-section-boxed elementor-section-height-default elementor-section-height-default\" data-id=\"6a928a1\" data-element_type=\"section\" data-e-type=\"section\">\n\t\t\t\t\t\t<div class=\"elementor-container elementor-column-gap-default\">\n\t\t\t\t\t<div class=\"elementor-column elementor-col-100 elementor-top-column elementor-element elementor-element-6110cc9\" data-id=\"6110cc9\" data-element_type=\"column\" data-e-type=\"column\">\n\t\t\t<div class=\"elementor-widget-wrap\">\n\t\t\t\t\t\t\t<\/div>\n\t\t<\/div>\n\t\t\t\t\t<\/div>\n\t\t<\/section>\n\t\t\t\t<\/div>\n\t\t","protected":false},"excerpt":{"rendered":"<p>27 . M\u00e4rz 2025 Wir sind dabei das Anwendertreffen 2025 zu organisieren. Leider ist unsere vorab reservierte Tagungsm\u00f6glichkeit abgesprungen. Wir sind derzeit auf der Suche nach einem Tagungsraum f\u00fcr 100 Personen mit entsprechenden Zimmerkapazit\u00e4ten. 1. M\u00e4rz 2025 Weitere Kunden stellen auf die neue Hardware um. epon und vip auf VM &#8211; virtuellen Servern. 10. Januar [&hellip;]<\/p>\n","protected":false},"author":4,"featured_media":0,"parent":33,"menu_order":0,"comment_status":"closed","ping_status":"closed","template":"","meta":{"ocean_post_layout":"","ocean_both_sidebars_style":"","ocean_both_sidebars_content_width":0,"ocean_both_sidebars_sidebars_width":0,"ocean_sidebar":"0","ocean_second_sidebar":"0","ocean_disable_margins":"enable","ocean_add_body_class":"","ocean_shortcode_before_top_bar":"","ocean_shortcode_after_top_bar":"","ocean_shortcode_before_header":"","ocean_shortcode_after_header":"","ocean_has_shortcode":"","ocean_shortcode_after_title":"","ocean_shortcode_before_footer_widgets":"","ocean_shortcode_after_footer_widgets":"","ocean_shortcode_before_footer_bottom":"","ocean_shortcode_after_footer_bottom":"","ocean_display_top_bar":"default","ocean_display_header":"default","ocean_header_style":"","ocean_center_header_left_menu":"0","ocean_custom_header_template":"0","ocean_custom_logo":0,"ocean_custom_retina_logo":0,"ocean_custom_logo_max_width":0,"ocean_custom_logo_tablet_max_width":0,"ocean_custom_logo_mobile_max_width":0,"ocean_custom_logo_max_height":0,"ocean_custom_logo_tablet_max_height":0,"ocean_custom_logo_mobile_max_height":0,"ocean_header_custom_menu":"0","ocean_menu_typo_font_family":"0","ocean_menu_typo_font_subset":"","ocean_menu_typo_font_size":0,"ocean_menu_typo_font_size_tablet":0,"ocean_menu_typo_font_size_mobile":0,"ocean_menu_typo_font_size_unit":"px","ocean_menu_typo_font_weight":"","ocean_menu_typo_font_weight_tablet":"","ocean_menu_typo_font_weight_mobile":"","ocean_menu_typo_transform":"","ocean_menu_typo_transform_tablet":"","ocean_menu_typo_transform_mobile":"","ocean_menu_typo_line_height":0,"ocean_menu_typo_line_height_tablet":0,"ocean_menu_typo_line_height_mobile":0,"ocean_menu_typo_line_height_unit":"","ocean_menu_typo_spacing":0,"ocean_menu_typo_spacing_tablet":0,"ocean_menu_typo_spacing_mobile":0,"ocean_menu_typo_spacing_unit":"","ocean_menu_link_color":"","ocean_menu_link_color_hover":"","ocean_menu_link_color_active":"","ocean_menu_link_background":"","ocean_menu_link_hover_background":"","ocean_menu_link_active_background":"","ocean_menu_social_links_bg":"","ocean_menu_social_hover_links_bg":"","ocean_menu_social_links_color":"","ocean_menu_social_hover_links_color":"","ocean_disable_title":"default","ocean_disable_heading":"default","ocean_post_title":"","ocean_post_subheading":"","ocean_post_title_style":"","ocean_post_title_background_color":"","ocean_post_title_background":0,"ocean_post_title_bg_image_position":"","ocean_post_title_bg_image_attachment":"","ocean_post_title_bg_image_repeat":"","ocean_post_title_bg_image_size":"","ocean_post_title_height":0,"ocean_post_title_bg_overlay":0.5,"ocean_post_title_bg_overlay_color":"","ocean_disable_breadcrumbs":"default","ocean_breadcrumbs_color":"","ocean_breadcrumbs_separator_color":"","ocean_breadcrumbs_links_color":"","ocean_breadcrumbs_links_hover_color":"","ocean_display_footer_widgets":"default","ocean_display_footer_bottom":"default","ocean_custom_footer_template":"0","footnotes":""},"class_list":["post-274","page","type-page","status-publish","hentry","entry"],"_links":{"self":[{"href":"https:\/\/www.isidata.de\/index.php?rest_route=\/wp\/v2\/pages\/274","targetHints":{"allow":["GET"]}}],"collection":[{"href":"https:\/\/www.isidata.de\/index.php?rest_route=\/wp\/v2\/pages"}],"about":[{"href":"https:\/\/www.isidata.de\/index.php?rest_route=\/wp\/v2\/types\/page"}],"author":[{"embeddable":true,"href":"https:\/\/www.isidata.de\/index.php?rest_route=\/wp\/v2\/users\/4"}],"replies":[{"embeddable":true,"href":"https:\/\/www.isidata.de\/index.php?rest_route=%2Fwp%2Fv2%2Fcomments&post=274"}],"version-history":[{"count":57,"href":"https:\/\/www.isidata.de\/index.php?rest_route=\/wp\/v2\/pages\/274\/revisions"}],"predecessor-version":[{"id":1489,"href":"https:\/\/www.isidata.de\/index.php?rest_route=\/wp\/v2\/pages\/274\/revisions\/1489"}],"up":[{"embeddable":true,"href":"https:\/\/www.isidata.de\/index.php?rest_route=\/wp\/v2\/pages\/33"}],"wp:attachment":[{"href":"https:\/\/www.isidata.de\/index.php?rest_route=%2Fwp%2Fv2%2Fmedia&parent=274"}],"curies":[{"name":"wp","href":"https:\/\/api.w.org\/{rel}","templated":true}]}}